{"id":36514,"date":"2024-07-02T10:23:50","date_gmt":"2024-07-02T08:23:50","guid":{"rendered":"https:\/\/www.invenio.net\/communication-solutions\/?page_id=36514"},"modified":"2025-07-28T09:58:51","modified_gmt":"2025-07-28T07:58:51","slug":"transformation-begleiten","status":"publish","type":"page","link":"https:\/\/www.invenio.net\/communication-solutions\/de\/transformation-begleiten\/","title":{"rendered":"Transformation begleiten"},"content":{"rendered":"","protected":false},"excerpt":{"rendered":"","protected":false},"author":14,"featured_media":0,"parent":0,"menu_order":0,"comment_status":"closed","ping_status":"closed","template":"","meta":{"_acf_changed":false,"footnotes":""},"class_list":["post-36514","page","type-page","status-publish","hentry"],"acf":[],"yoast_head":"<!-- This site is optimized with the Yoast SEO plugin v27.0 - https:\/\/yoast.com\/product\/yoast-seo-wordpress\/ -->\n<title>Transformation begleiten<\/title>\n<meta name=\"description\" content=\"Ihre Transformation begleiten \u2013 daf\u00fcr bietet unser Ansatz Ihnen eine ma\u00dfgeschneiderte Komplettl\u00f6sung aus einer Hand.\" \/>\n<meta name=\"robots\" content=\"index, follow, max-snippet:-1, max-image-preview:large, max-video-preview:-1\" \/>\n<link rel=\"canonical\" href=\"https:\/\/www.invenio.net\/communication-solutions\/de\/transformation-begleiten\/\" \/>\n<meta property=\"og:locale\" content=\"de_DE\" \/>\n<meta property=\"og:type\" content=\"article\" \/>\n<meta property=\"og:title\" content=\"Transformation begleiten\" \/>\n<meta property=\"og:description\" content=\"Ihre Transformation begleiten \u2013 daf\u00fcr bietet unser Ansatz Ihnen eine ma\u00dfgeschneiderte Komplettl\u00f6sung aus einer Hand.\" \/>\n<meta property=\"og:url\" content=\"https:\/\/www.invenio.net\/communication-solutions\/de\/transformation-begleiten\/\" \/>\n<meta property=\"og:site_name\" content=\"invenio Communication Solutions\" \/>\n<meta property=\"article:modified_time\" content=\"2025-07-28T07:58:51+00:00\" \/>\n<meta name=\"twitter:card\" content=\"summary_large_image\" \/>\n<meta name=\"twitter:label1\" content=\"Gesch\u00e4tzte Lesezeit\" \/>\n\t<meta name=\"twitter:data1\" content=\"7\u00a0Minuten\" \/>\n<script type=\"application\/ld+json\" class=\"yoast-schema-graph\">{\"@context\":\"https:\/\/schema.org\",\"@graph\":[{\"@type\":\"WebPage\",\"@id\":\"https:\/\/www.invenio.net\/communication-solutions\/de\/transformation-begleiten\/\",\"url\":\"https:\/\/www.invenio.net\/communication-solutions\/de\/transformation-begleiten\/\",\"name\":\"Transformation begleiten\",\"isPartOf\":{\"@id\":\"https:\/\/www.invenio.net\/communication-solutions\/de\/#website\"},\"datePublished\":\"2024-07-02T08:23:50+00:00\",\"dateModified\":\"2025-07-28T07:58:51+00:00\",\"description\":\"Ihre Transformation begleiten \u2013 daf\u00fcr bietet unser Ansatz Ihnen eine ma\u00dfgeschneiderte Komplettl\u00f6sung aus einer Hand.\",\"breadcrumb\":{\"@id\":\"https:\/\/www.invenio.net\/communication-solutions\/de\/transformation-begleiten\/#breadcrumb\"},\"inLanguage\":\"de\",\"potentialAction\":[{\"@type\":\"ReadAction\",\"target\":[\"https:\/\/www.invenio.net\/communication-solutions\/de\/transformation-begleiten\/\"]}]},{\"@type\":\"BreadcrumbList\",\"@id\":\"https:\/\/www.invenio.net\/communication-solutions\/de\/transformation-begleiten\/#breadcrumb\",\"itemListElement\":[{\"@type\":\"ListItem\",\"position\":1,\"name\":\"Startseite Communication Solutions\",\"item\":\"https:\/\/www.invenio.net\/communication-solutions\/de\/\"},{\"@type\":\"ListItem\",\"position\":2,\"name\":\"Transformation begleiten\"}]},{\"@type\":\"WebSite\",\"@id\":\"https:\/\/www.invenio.net\/communication-solutions\/de\/#website\",\"url\":\"https:\/\/www.invenio.net\/communication-solutions\/de\/\",\"name\":\"invenio Communication Solutions\",\"description\":\"\",\"potentialAction\":[{\"@type\":\"SearchAction\",\"target\":{\"@type\":\"EntryPoint\",\"urlTemplate\":\"https:\/\/www.invenio.net\/communication-solutions\/de\/?s={search_term_string}\"},\"query-input\":{\"@type\":\"PropertyValueSpecification\",\"valueRequired\":true,\"valueName\":\"search_term_string\"}}],\"inLanguage\":\"de\"}]}<\/script>\n<!-- \/ Yoast SEO plugin. -->","yoast_head_json":{"title":"Transformation begleiten","description":"Ihre Transformation begleiten \u2013 daf\u00fcr bietet unser Ansatz Ihnen eine ma\u00dfgeschneiderte Komplettl\u00f6sung aus einer Hand.","robots":{"index":"index","follow":"follow","max-snippet":"max-snippet:-1","max-image-preview":"max-image-preview:large","max-video-preview":"max-video-preview:-1"},"canonical":"https:\/\/www.invenio.net\/communication-solutions\/de\/transformation-begleiten\/","og_locale":"de_DE","og_type":"article","og_title":"Transformation begleiten","og_description":"Ihre Transformation begleiten \u2013 daf\u00fcr bietet unser Ansatz Ihnen eine ma\u00dfgeschneiderte Komplettl\u00f6sung aus einer Hand.","og_url":"https:\/\/www.invenio.net\/communication-solutions\/de\/transformation-begleiten\/","og_site_name":"invenio Communication Solutions","article_modified_time":"2025-07-28T07:58:51+00:00","twitter_card":"summary_large_image","twitter_misc":{"Gesch\u00e4tzte Lesezeit":"7\u00a0Minuten"},"schema":{"@context":"https:\/\/schema.org","@graph":[{"@type":"WebPage","@id":"https:\/\/www.invenio.net\/communication-solutions\/de\/transformation-begleiten\/","url":"https:\/\/www.invenio.net\/communication-solutions\/de\/transformation-begleiten\/","name":"Transformation begleiten","isPartOf":{"@id":"https:\/\/www.invenio.net\/communication-solutions\/de\/#website"},"datePublished":"2024-07-02T08:23:50+00:00","dateModified":"2025-07-28T07:58:51+00:00","description":"Ihre Transformation begleiten \u2013 daf\u00fcr bietet unser Ansatz Ihnen eine ma\u00dfgeschneiderte Komplettl\u00f6sung aus einer Hand.","breadcrumb":{"@id":"https:\/\/www.invenio.net\/communication-solutions\/de\/transformation-begleiten\/#breadcrumb"},"inLanguage":"de","potentialAction":[{"@type":"ReadAction","target":["https:\/\/www.invenio.net\/communication-solutions\/de\/transformation-begleiten\/"]}]},{"@type":"BreadcrumbList","@id":"https:\/\/www.invenio.net\/communication-solutions\/de\/transformation-begleiten\/#breadcrumb","itemListElement":[{"@type":"ListItem","position":1,"name":"Startseite Communication Solutions","item":"https:\/\/www.invenio.net\/communication-solutions\/de\/"},{"@type":"ListItem","position":2,"name":"Transformation begleiten"}]},{"@type":"WebSite","@id":"https:\/\/www.invenio.net\/communication-solutions\/de\/#website","url":"https:\/\/www.invenio.net\/communication-solutions\/de\/","name":"invenio Communication Solutions","description":"","potentialAction":[{"@type":"SearchAction","target":{"@type":"EntryPoint","urlTemplate":"https:\/\/www.invenio.net\/communication-solutions\/de\/?s={search_term_string}"},"query-input":{"@type":"PropertyValueSpecification","valueRequired":true,"valueName":"search_term_string"}}],"inLanguage":"de"}]}},"_links":{"self":[{"href":"https:\/\/www.invenio.net\/communication-solutions\/de\/wp-json\/wp\/v2\/pages\/36514","targetHints":{"allow":["GET"]}}],"collection":[{"href":"https:\/\/www.invenio.net\/communication-solutions\/de\/wp-json\/wp\/v2\/pages"}],"about":[{"href":"https:\/\/www.invenio.net\/communication-solutions\/de\/wp-json\/wp\/v2\/types\/page"}],"author":[{"embeddable":true,"href":"https:\/\/www.invenio.net\/communication-solutions\/de\/wp-json\/wp\/v2\/users\/14"}],"replies":[{"embeddable":true,"href":"https:\/\/www.invenio.net\/communication-solutions\/de\/wp-json\/wp\/v2\/comments?post=36514"}],"version-history":[{"count":5,"href":"https:\/\/www.invenio.net\/communication-solutions\/de\/wp-json\/wp\/v2\/pages\/36514\/revisions"}],"predecessor-version":[{"id":37260,"href":"https:\/\/www.invenio.net\/communication-solutions\/de\/wp-json\/wp\/v2\/pages\/36514\/revisions\/37260"}],"wp:attachment":[{"href":"https:\/\/www.invenio.net\/communication-solutions\/de\/wp-json\/wp\/v2\/media?parent=36514"}],"curies":[{"name":"wp","href":"https:\/\/api.w.org\/{rel}","templated":true}]}}