{"id":27419,"date":"2023-09-11T12:02:28","date_gmt":"2023-09-11T10:02:28","guid":{"rendered":"http:\/\/www-staging.invenio.net\/?page_id=27419"},"modified":"2025-08-05T09:10:39","modified_gmt":"2025-08-05T07:10:39","slug":"elektronik-labor","status":"publish","type":"page","link":"https:\/\/www.invenio.net\/de\/elektrik-elektronik\/elektronik-labor\/","title":{"rendered":"Elektronik-Labor"},"content":{"rendered":"","protected":false},"excerpt":{"rendered":"","protected":false},"author":1,"featured_media":0,"parent":27375,"menu_order":0,"comment_status":"closed","ping_status":"closed","template":"","meta":{"_acf_changed":false,"footnotes":""},"class_list":["post-27419","page","type-page","status-publish","hentry"],"acf":[],"yoast_head":"<!-- This site is optimized with the Yoast SEO plugin v27.0 - https:\/\/yoast.com\/product\/yoast-seo-wordpress\/ -->\n<title>Elektronik-Labor f\u00fcr h\u00f6chste Qualit\u00e4t<\/title>\n<meta name=\"description\" content=\"Das Elektronik-Labor ist mit modernster Mess- und Pr\u00fcftechnik ausgestattet, um ausf\u00fchrliche Tests an der Elektronik zu erm\u00f6glichen.\" \/>\n<meta name=\"robots\" content=\"index, follow, max-snippet:-1, max-image-preview:large, max-video-preview:-1\" \/>\n<link rel=\"canonical\" href=\"https:\/\/www.invenio.net\/de\/elektrik-elektronik\/elektronik-labor\/\" \/>\n<meta property=\"og:locale\" content=\"de_DE\" \/>\n<meta property=\"og:type\" content=\"article\" \/>\n<meta property=\"og:title\" content=\"Elektronik-Labor f\u00fcr h\u00f6chste Qualit\u00e4t\" \/>\n<meta property=\"og:description\" content=\"Das Elektronik-Labor ist mit modernster Mess- und Pr\u00fcftechnik ausgestattet, um ausf\u00fchrliche Tests an der Elektronik zu erm\u00f6glichen.\" \/>\n<meta property=\"og:url\" content=\"https:\/\/www.invenio.net\/de\/elektrik-elektronik\/elektronik-labor\/\" \/>\n<meta property=\"og:site_name\" content=\"invenio\" \/>\n<meta property=\"article:publisher\" content=\"https:\/\/www.facebook.com\/invenio.karriere\" \/>\n<meta property=\"article:modified_time\" content=\"2025-08-05T07:10:39+00:00\" \/>\n<meta name=\"twitter:card\" content=\"summary_large_image\" \/>\n<meta name=\"twitter:label1\" content=\"Gesch\u00e4tzte Lesezeit\" \/>\n\t<meta name=\"twitter:data1\" content=\"9\u00a0Minuten\" \/>\n<script type=\"application\/ld+json\" class=\"yoast-schema-graph\">{\"@context\":\"https:\/\/schema.org\",\"@graph\":[{\"@type\":\"WebPage\",\"@id\":\"https:\/\/www.invenio.net\/de\/elektrik-elektronik\/elektronik-labor\/\",\"url\":\"https:\/\/www.invenio.net\/de\/elektrik-elektronik\/elektronik-labor\/\",\"name\":\"Elektronik-Labor f\u00fcr h\u00f6chste Qualit\u00e4t\",\"isPartOf\":{\"@id\":\"https:\/\/www.invenio.net\/de\/#website\"},\"datePublished\":\"2023-09-11T10:02:28+00:00\",\"dateModified\":\"2025-08-05T07:10:39+00:00\",\"description\":\"Das Elektronik-Labor ist mit modernster Mess- und Pr\u00fcftechnik ausgestattet, um ausf\u00fchrliche Tests an der Elektronik zu erm\u00f6glichen.\",\"breadcrumb\":{\"@id\":\"https:\/\/www.invenio.net\/de\/elektrik-elektronik\/elektronik-labor\/#breadcrumb\"},\"inLanguage\":\"de\",\"potentialAction\":[{\"@type\":\"ReadAction\",\"target\":[\"https:\/\/www.invenio.net\/de\/elektrik-elektronik\/elektronik-labor\/\"]}]},{\"@type\":\"BreadcrumbList\",\"@id\":\"https:\/\/www.invenio.net\/de\/elektrik-elektronik\/elektronik-labor\/#breadcrumb\",\"itemListElement\":[{\"@type\":\"ListItem\",\"position\":1,\"name\":\"Startseite\",\"item\":\"https:\/\/www.invenio.net\/de\/\"},{\"@type\":\"ListItem\",\"position\":2,\"name\":\"Elektrik\/Elektronik\",\"item\":\"https:\/\/www.invenio.net\/de\/elektrik-elektronik\/\"},{\"@type\":\"ListItem\",\"position\":3,\"name\":\"Elektronik-Labor\"}]},{\"@type\":\"WebSite\",\"@id\":\"https:\/\/www.invenio.net\/de\/#website\",\"url\":\"https:\/\/www.invenio.net\/de\/\",\"name\":\"invenio\",\"description\":\"\",\"publisher\":{\"@id\":\"https:\/\/www.invenio.net\/de\/#organization\"},\"potentialAction\":[{\"@type\":\"SearchAction\",\"target\":{\"@type\":\"EntryPoint\",\"urlTemplate\":\"https:\/\/www.invenio.net\/de\/?s={search_term_string}\"},\"query-input\":{\"@type\":\"PropertyValueSpecification\",\"valueRequired\":true,\"valueName\":\"search_term_string\"}}],\"inLanguage\":\"de\"},{\"@type\":\"Organization\",\"@id\":\"https:\/\/www.invenio.net\/de\/#organization\",\"name\":\"invenio AG\",\"url\":\"https:\/\/www.invenio.net\/de\/\",\"logo\":{\"@type\":\"ImageObject\",\"inLanguage\":\"de\",\"@id\":\"https:\/\/www.invenio.net\/de\/#\/schema\/logo\/image\/\",\"url\":\"https:\/\/www.invenio.net\/wp-content\/uploads\/Logo_invenio_Website_Weissraum.svg\",\"contentUrl\":\"https:\/\/www.invenio.net\/wp-content\/uploads\/Logo_invenio_Website_Weissraum.svg\",\"width\":1,\"height\":1,\"caption\":\"invenio AG\"},\"image\":{\"@id\":\"https:\/\/www.invenio.net\/de\/#\/schema\/logo\/image\/\"},\"sameAs\":[\"https:\/\/www.facebook.com\/invenio.karriere\",\"https:\/\/www.instagram.com\/invenio.ag\",\"https:\/\/de.linkedin.com\/company\/invenio-ag\"]}]}<\/script>\n<!-- \/ Yoast SEO plugin. -->","yoast_head_json":{"title":"Elektronik-Labor f\u00fcr h\u00f6chste Qualit\u00e4t","description":"Das Elektronik-Labor ist mit modernster Mess- und Pr\u00fcftechnik ausgestattet, um ausf\u00fchrliche Tests an der Elektronik zu erm\u00f6glichen.","robots":{"index":"index","follow":"follow","max-snippet":"max-snippet:-1","max-image-preview":"max-image-preview:large","max-video-preview":"max-video-preview:-1"},"canonical":"https:\/\/www.invenio.net\/de\/elektrik-elektronik\/elektronik-labor\/","og_locale":"de_DE","og_type":"article","og_title":"Elektronik-Labor f\u00fcr h\u00f6chste Qualit\u00e4t","og_description":"Das Elektronik-Labor ist mit modernster Mess- und Pr\u00fcftechnik ausgestattet, um ausf\u00fchrliche Tests an der Elektronik zu erm\u00f6glichen.","og_url":"https:\/\/www.invenio.net\/de\/elektrik-elektronik\/elektronik-labor\/","og_site_name":"invenio","article_publisher":"https:\/\/www.facebook.com\/invenio.karriere","article_modified_time":"2025-08-05T07:10:39+00:00","twitter_card":"summary_large_image","twitter_misc":{"Gesch\u00e4tzte Lesezeit":"9\u00a0Minuten"},"schema":{"@context":"https:\/\/schema.org","@graph":[{"@type":"WebPage","@id":"https:\/\/www.invenio.net\/de\/elektrik-elektronik\/elektronik-labor\/","url":"https:\/\/www.invenio.net\/de\/elektrik-elektronik\/elektronik-labor\/","name":"Elektronik-Labor f\u00fcr h\u00f6chste Qualit\u00e4t","isPartOf":{"@id":"https:\/\/www.invenio.net\/de\/#website"},"datePublished":"2023-09-11T10:02:28+00:00","dateModified":"2025-08-05T07:10:39+00:00","description":"Das Elektronik-Labor ist mit modernster Mess- und Pr\u00fcftechnik ausgestattet, um ausf\u00fchrliche Tests an der Elektronik zu erm\u00f6glichen.","breadcrumb":{"@id":"https:\/\/www.invenio.net\/de\/elektrik-elektronik\/elektronik-labor\/#breadcrumb"},"inLanguage":"de","potentialAction":[{"@type":"ReadAction","target":["https:\/\/www.invenio.net\/de\/elektrik-elektronik\/elektronik-labor\/"]}]},{"@type":"BreadcrumbList","@id":"https:\/\/www.invenio.net\/de\/elektrik-elektronik\/elektronik-labor\/#breadcrumb","itemListElement":[{"@type":"ListItem","position":1,"name":"Startseite","item":"https:\/\/www.invenio.net\/de\/"},{"@type":"ListItem","position":2,"name":"Elektrik\/Elektronik","item":"https:\/\/www.invenio.net\/de\/elektrik-elektronik\/"},{"@type":"ListItem","position":3,"name":"Elektronik-Labor"}]},{"@type":"WebSite","@id":"https:\/\/www.invenio.net\/de\/#website","url":"https:\/\/www.invenio.net\/de\/","name":"invenio","description":"","publisher":{"@id":"https:\/\/www.invenio.net\/de\/#organization"},"potentialAction":[{"@type":"SearchAction","target":{"@type":"EntryPoint","urlTemplate":"https:\/\/www.invenio.net\/de\/?s={search_term_string}"},"query-input":{"@type":"PropertyValueSpecification","valueRequired":true,"valueName":"search_term_string"}}],"inLanguage":"de"},{"@type":"Organization","@id":"https:\/\/www.invenio.net\/de\/#organization","name":"invenio AG","url":"https:\/\/www.invenio.net\/de\/","logo":{"@type":"ImageObject","inLanguage":"de","@id":"https:\/\/www.invenio.net\/de\/#\/schema\/logo\/image\/","url":"https:\/\/www.invenio.net\/wp-content\/uploads\/Logo_invenio_Website_Weissraum.svg","contentUrl":"https:\/\/www.invenio.net\/wp-content\/uploads\/Logo_invenio_Website_Weissraum.svg","width":1,"height":1,"caption":"invenio AG"},"image":{"@id":"https:\/\/www.invenio.net\/de\/#\/schema\/logo\/image\/"},"sameAs":["https:\/\/www.facebook.com\/invenio.karriere","https:\/\/www.instagram.com\/invenio.ag","https:\/\/de.linkedin.com\/company\/invenio-ag"]}]}},"_links":{"self":[{"href":"https:\/\/www.invenio.net\/de\/wp-json\/wp\/v2\/pages\/27419","targetHints":{"allow":["GET"]}}],"collection":[{"href":"https:\/\/www.invenio.net\/de\/wp-json\/wp\/v2\/pages"}],"about":[{"href":"https:\/\/www.invenio.net\/de\/wp-json\/wp\/v2\/types\/page"}],"author":[{"embeddable":true,"href":"https:\/\/www.invenio.net\/de\/wp-json\/wp\/v2\/users\/1"}],"replies":[{"embeddable":true,"href":"https:\/\/www.invenio.net\/de\/wp-json\/wp\/v2\/comments?post=27419"}],"version-history":[{"count":6,"href":"https:\/\/www.invenio.net\/de\/wp-json\/wp\/v2\/pages\/27419\/revisions"}],"predecessor-version":[{"id":50773,"href":"https:\/\/www.invenio.net\/de\/wp-json\/wp\/v2\/pages\/27419\/revisions\/50773"}],"up":[{"embeddable":true,"href":"https:\/\/www.invenio.net\/de\/wp-json\/wp\/v2\/pages\/27375"}],"wp:attachment":[{"href":"https:\/\/www.invenio.net\/de\/wp-json\/wp\/v2\/media?parent=27419"}],"curies":[{"name":"wp","href":"https:\/\/api.w.org\/{rel}","templated":true}]}}