{"id":27540,"date":"2023-09-12T09:22:52","date_gmt":"2023-09-12T07:22:52","guid":{"rendered":"http:\/\/www-staging.invenio.net\/?page_id=27540"},"modified":"2025-08-04T14:53:37","modified_gmt":"2025-08-04T12:53:37","slug":"haushaltsgeraete","status":"publish","type":"page","link":"https:\/\/www.invenio.net\/de\/haushaltsgeraete\/","title":{"rendered":"Haushaltsger\u00e4te"},"content":{"rendered":"","protected":false},"excerpt":{"rendered":"","protected":false},"author":1,"featured_media":0,"parent":0,"menu_order":0,"comment_status":"closed","ping_status":"closed","template":"","meta":{"_acf_changed":false,"footnotes":""},"class_list":["post-27540","page","type-page","status-publish","hentry"],"acf":[],"yoast_head":"<!-- This site is optimized with the Yoast SEO plugin v27.0 - https:\/\/yoast.com\/product\/yoast-seo-wordpress\/ -->\n<title>Smarte Haushaltsger\u00e4te entwickeln<\/title>\n<meta name=\"description\" content=\"Wir entwickeln smarte Haushaltsger\u00e4te von der Konstruktion zur Fertigung mit Fokus auf Multifunktionalit\u00e4t sowie Effizienz.\" \/>\n<meta name=\"robots\" content=\"index, follow, max-snippet:-1, max-image-preview:large, max-video-preview:-1\" \/>\n<link rel=\"canonical\" href=\"https:\/\/www.invenio.net\/de\/haushaltsgeraete\/\" \/>\n<meta property=\"og:locale\" content=\"de_DE\" \/>\n<meta property=\"og:type\" content=\"article\" \/>\n<meta property=\"og:title\" content=\"Smarte Haushaltsger\u00e4te entwickeln\" \/>\n<meta property=\"og:description\" content=\"Wir entwickeln smarte Haushaltsger\u00e4te von der Konstruktion zur Fertigung mit Fokus auf Multifunktionalit\u00e4t sowie Effizienz.\" \/>\n<meta property=\"og:url\" content=\"https:\/\/www.invenio.net\/de\/haushaltsgeraete\/\" \/>\n<meta property=\"og:site_name\" content=\"invenio\" \/>\n<meta property=\"article:publisher\" content=\"https:\/\/www.facebook.com\/invenio.karriere\" \/>\n<meta property=\"article:modified_time\" content=\"2025-08-04T12:53:37+00:00\" \/>\n<meta name=\"twitter:card\" content=\"summary_large_image\" \/>\n<meta name=\"twitter:label1\" content=\"Gesch\u00e4tzte Lesezeit\" \/>\n\t<meta name=\"twitter:data1\" content=\"7\u00a0Minuten\" \/>\n<script type=\"application\/ld+json\" class=\"yoast-schema-graph\">{\"@context\":\"https:\/\/schema.org\",\"@graph\":[{\"@type\":\"WebPage\",\"@id\":\"https:\/\/www.invenio.net\/de\/haushaltsgeraete\/\",\"url\":\"https:\/\/www.invenio.net\/de\/haushaltsgeraete\/\",\"name\":\"Smarte Haushaltsger\u00e4te entwickeln\",\"isPartOf\":{\"@id\":\"https:\/\/www.invenio.net\/de\/#website\"},\"datePublished\":\"2023-09-12T07:22:52+00:00\",\"dateModified\":\"2025-08-04T12:53:37+00:00\",\"description\":\"Wir entwickeln smarte Haushaltsger\u00e4te von der Konstruktion zur Fertigung mit Fokus auf Multifunktionalit\u00e4t sowie Effizienz.\",\"breadcrumb\":{\"@id\":\"https:\/\/www.invenio.net\/de\/haushaltsgeraete\/#breadcrumb\"},\"inLanguage\":\"de\",\"potentialAction\":[{\"@type\":\"ReadAction\",\"target\":[\"https:\/\/www.invenio.net\/de\/haushaltsgeraete\/\"]}]},{\"@type\":\"BreadcrumbList\",\"@id\":\"https:\/\/www.invenio.net\/de\/haushaltsgeraete\/#breadcrumb\",\"itemListElement\":[{\"@type\":\"ListItem\",\"position\":1,\"name\":\"Startseite\",\"item\":\"https:\/\/www.invenio.net\/de\/\"},{\"@type\":\"ListItem\",\"position\":2,\"name\":\"Haushaltsger\u00e4te\"}]},{\"@type\":\"WebSite\",\"@id\":\"https:\/\/www.invenio.net\/de\/#website\",\"url\":\"https:\/\/www.invenio.net\/de\/\",\"name\":\"invenio\",\"description\":\"\",\"publisher\":{\"@id\":\"https:\/\/www.invenio.net\/de\/#organization\"},\"potentialAction\":[{\"@type\":\"SearchAction\",\"target\":{\"@type\":\"EntryPoint\",\"urlTemplate\":\"https:\/\/www.invenio.net\/de\/?s={search_term_string}\"},\"query-input\":{\"@type\":\"PropertyValueSpecification\",\"valueRequired\":true,\"valueName\":\"search_term_string\"}}],\"inLanguage\":\"de\"},{\"@type\":\"Organization\",\"@id\":\"https:\/\/www.invenio.net\/de\/#organization\",\"name\":\"invenio AG\",\"url\":\"https:\/\/www.invenio.net\/de\/\",\"logo\":{\"@type\":\"ImageObject\",\"inLanguage\":\"de\",\"@id\":\"https:\/\/www.invenio.net\/de\/#\/schema\/logo\/image\/\",\"url\":\"https:\/\/www.invenio.net\/wp-content\/uploads\/Logo_invenio_Website_Weissraum.svg\",\"contentUrl\":\"https:\/\/www.invenio.net\/wp-content\/uploads\/Logo_invenio_Website_Weissraum.svg\",\"width\":1,\"height\":1,\"caption\":\"invenio AG\"},\"image\":{\"@id\":\"https:\/\/www.invenio.net\/de\/#\/schema\/logo\/image\/\"},\"sameAs\":[\"https:\/\/www.facebook.com\/invenio.karriere\",\"https:\/\/www.instagram.com\/invenio.ag\",\"https:\/\/de.linkedin.com\/company\/invenio-ag\"]}]}<\/script>\n<!-- \/ Yoast SEO plugin. -->","yoast_head_json":{"title":"Smarte Haushaltsger\u00e4te entwickeln","description":"Wir entwickeln smarte Haushaltsger\u00e4te von der Konstruktion zur Fertigung mit Fokus auf Multifunktionalit\u00e4t sowie Effizienz.","robots":{"index":"index","follow":"follow","max-snippet":"max-snippet:-1","max-image-preview":"max-image-preview:large","max-video-preview":"max-video-preview:-1"},"canonical":"https:\/\/www.invenio.net\/de\/haushaltsgeraete\/","og_locale":"de_DE","og_type":"article","og_title":"Smarte Haushaltsger\u00e4te entwickeln","og_description":"Wir entwickeln smarte Haushaltsger\u00e4te von der Konstruktion zur Fertigung mit Fokus auf Multifunktionalit\u00e4t sowie Effizienz.","og_url":"https:\/\/www.invenio.net\/de\/haushaltsgeraete\/","og_site_name":"invenio","article_publisher":"https:\/\/www.facebook.com\/invenio.karriere","article_modified_time":"2025-08-04T12:53:37+00:00","twitter_card":"summary_large_image","twitter_misc":{"Gesch\u00e4tzte Lesezeit":"7\u00a0Minuten"},"schema":{"@context":"https:\/\/schema.org","@graph":[{"@type":"WebPage","@id":"https:\/\/www.invenio.net\/de\/haushaltsgeraete\/","url":"https:\/\/www.invenio.net\/de\/haushaltsgeraete\/","name":"Smarte Haushaltsger\u00e4te entwickeln","isPartOf":{"@id":"https:\/\/www.invenio.net\/de\/#website"},"datePublished":"2023-09-12T07:22:52+00:00","dateModified":"2025-08-04T12:53:37+00:00","description":"Wir entwickeln smarte Haushaltsger\u00e4te von der Konstruktion zur Fertigung mit Fokus auf Multifunktionalit\u00e4t sowie Effizienz.","breadcrumb":{"@id":"https:\/\/www.invenio.net\/de\/haushaltsgeraete\/#breadcrumb"},"inLanguage":"de","potentialAction":[{"@type":"ReadAction","target":["https:\/\/www.invenio.net\/de\/haushaltsgeraete\/"]}]},{"@type":"BreadcrumbList","@id":"https:\/\/www.invenio.net\/de\/haushaltsgeraete\/#breadcrumb","itemListElement":[{"@type":"ListItem","position":1,"name":"Startseite","item":"https:\/\/www.invenio.net\/de\/"},{"@type":"ListItem","position":2,"name":"Haushaltsger\u00e4te"}]},{"@type":"WebSite","@id":"https:\/\/www.invenio.net\/de\/#website","url":"https:\/\/www.invenio.net\/de\/","name":"invenio","description":"","publisher":{"@id":"https:\/\/www.invenio.net\/de\/#organization"},"potentialAction":[{"@type":"SearchAction","target":{"@type":"EntryPoint","urlTemplate":"https:\/\/www.invenio.net\/de\/?s={search_term_string}"},"query-input":{"@type":"PropertyValueSpecification","valueRequired":true,"valueName":"search_term_string"}}],"inLanguage":"de"},{"@type":"Organization","@id":"https:\/\/www.invenio.net\/de\/#organization","name":"invenio AG","url":"https:\/\/www.invenio.net\/de\/","logo":{"@type":"ImageObject","inLanguage":"de","@id":"https:\/\/www.invenio.net\/de\/#\/schema\/logo\/image\/","url":"https:\/\/www.invenio.net\/wp-content\/uploads\/Logo_invenio_Website_Weissraum.svg","contentUrl":"https:\/\/www.invenio.net\/wp-content\/uploads\/Logo_invenio_Website_Weissraum.svg","width":1,"height":1,"caption":"invenio AG"},"image":{"@id":"https:\/\/www.invenio.net\/de\/#\/schema\/logo\/image\/"},"sameAs":["https:\/\/www.facebook.com\/invenio.karriere","https:\/\/www.instagram.com\/invenio.ag","https:\/\/de.linkedin.com\/company\/invenio-ag"]}]}},"_links":{"self":[{"href":"https:\/\/www.invenio.net\/de\/wp-json\/wp\/v2\/pages\/27540","targetHints":{"allow":["GET"]}}],"collection":[{"href":"https:\/\/www.invenio.net\/de\/wp-json\/wp\/v2\/pages"}],"about":[{"href":"https:\/\/www.invenio.net\/de\/wp-json\/wp\/v2\/types\/page"}],"author":[{"embeddable":true,"href":"https:\/\/www.invenio.net\/de\/wp-json\/wp\/v2\/users\/1"}],"replies":[{"embeddable":true,"href":"https:\/\/www.invenio.net\/de\/wp-json\/wp\/v2\/comments?post=27540"}],"version-history":[{"count":6,"href":"https:\/\/www.invenio.net\/de\/wp-json\/wp\/v2\/pages\/27540\/revisions"}],"predecessor-version":[{"id":50703,"href":"https:\/\/www.invenio.net\/de\/wp-json\/wp\/v2\/pages\/27540\/revisions\/50703"}],"wp:attachment":[{"href":"https:\/\/www.invenio.net\/de\/wp-json\/wp\/v2\/media?parent=27540"}],"curies":[{"name":"wp","href":"https:\/\/api.w.org\/{rel}","templated":true}]}}