{"id":35024,"date":"2023-12-07T10:25:53","date_gmt":"2023-12-07T09:25:53","guid":{"rendered":"https:\/\/www-staging.invenio.net\/healthcare-solutions\/?page_id=35024"},"modified":"2025-07-25T09:39:01","modified_gmt":"2025-07-25T07:39:01","slug":"software-medizintechnik","status":"publish","type":"page","link":"https:\/\/www.invenio.net\/medical-healthcare\/de\/software-medizintechnik\/","title":{"rendered":"Software"},"content":{"rendered":"","protected":false},"excerpt":{"rendered":"","protected":false},"author":3,"featured_media":0,"parent":0,"menu_order":0,"comment_status":"closed","ping_status":"closed","template":"","meta":{"_acf_changed":false,"footnotes":""},"class_list":["post-35024","page","type-page","status-publish","hentry"],"acf":[],"yoast_head":"<!-- This site is optimized with the Yoast SEO plugin v27.0 - https:\/\/yoast.com\/product\/yoast-seo-wordpress\/ -->\n<title>Die Software f\u00fcr Medizinprodukte aller Risikoklassen<\/title>\n<meta name=\"description\" content=\"Software f\u00fcr Medizinprodukte: smart. secure. simple. Ob Refactoring oder Neuentwicklung iinkl. Support und Qualit\u00e4tssicherung!\" \/>\n<meta name=\"robots\" content=\"index, follow, max-snippet:-1, max-image-preview:large, max-video-preview:-1\" \/>\n<link rel=\"canonical\" href=\"https:\/\/www.invenio.net\/medical-healthcare\/de\/software-medizintechnik\/\" \/>\n<meta property=\"og:locale\" content=\"de_DE\" \/>\n<meta property=\"og:type\" content=\"article\" \/>\n<meta property=\"og:title\" content=\"Die Software f\u00fcr Medizinprodukte aller Risikoklassen\" \/>\n<meta property=\"og:description\" content=\"Software f\u00fcr Medizinprodukte: smart. secure. simple. Ob Refactoring oder Neuentwicklung iinkl. Support und Qualit\u00e4tssicherung!\" \/>\n<meta property=\"og:url\" content=\"https:\/\/www.invenio.net\/medical-healthcare\/de\/software-medizintechnik\/\" \/>\n<meta property=\"og:site_name\" content=\"invenio Medical &amp; Healthcare\" \/>\n<meta property=\"article:modified_time\" content=\"2025-07-25T07:39:01+00:00\" \/>\n<meta name=\"twitter:card\" content=\"summary_large_image\" \/>\n<meta name=\"twitter:label1\" content=\"Gesch\u00e4tzte Lesezeit\" \/>\n\t<meta name=\"twitter:data1\" content=\"3\u00a0Minuten\" \/>\n<script type=\"application\/ld+json\" class=\"yoast-schema-graph\">{\"@context\":\"https:\/\/schema.org\",\"@graph\":[{\"@type\":\"WebPage\",\"@id\":\"https:\/\/www.invenio.net\/medical-healthcare\/de\/software-medizintechnik\/\",\"url\":\"https:\/\/www.invenio.net\/medical-healthcare\/de\/software-medizintechnik\/\",\"name\":\"Die Software f\u00fcr Medizinprodukte aller Risikoklassen\",\"isPartOf\":{\"@id\":\"https:\/\/www.invenio.net\/medical-healthcare\/de\/#website\"},\"datePublished\":\"2023-12-07T09:25:53+00:00\",\"dateModified\":\"2025-07-25T07:39:01+00:00\",\"description\":\"Software f\u00fcr Medizinprodukte: smart. secure. simple. Ob Refactoring oder Neuentwicklung iinkl. Support und Qualit\u00e4tssicherung!\",\"breadcrumb\":{\"@id\":\"https:\/\/www.invenio.net\/medical-healthcare\/de\/software-medizintechnik\/#breadcrumb\"},\"inLanguage\":\"de\",\"potentialAction\":[{\"@type\":\"ReadAction\",\"target\":[\"https:\/\/www.invenio.net\/medical-healthcare\/de\/software-medizintechnik\/\"]}]},{\"@type\":\"BreadcrumbList\",\"@id\":\"https:\/\/www.invenio.net\/medical-healthcare\/de\/software-medizintechnik\/#breadcrumb\",\"itemListElement\":[{\"@type\":\"ListItem\",\"position\":1,\"name\":\"Startseite Medical &amp; Healthcare\",\"item\":\"https:\/\/www.invenio.net\/medical-healthcare\/de\/\"},{\"@type\":\"ListItem\",\"position\":2,\"name\":\"Software\"}]},{\"@type\":\"WebSite\",\"@id\":\"https:\/\/www.invenio.net\/medical-healthcare\/de\/#website\",\"url\":\"https:\/\/www.invenio.net\/medical-healthcare\/de\/\",\"name\":\"invenio Medical &amp; Healthcare\",\"description\":\"\",\"potentialAction\":[{\"@type\":\"SearchAction\",\"target\":{\"@type\":\"EntryPoint\",\"urlTemplate\":\"https:\/\/www.invenio.net\/medical-healthcare\/de\/?s={search_term_string}\"},\"query-input\":{\"@type\":\"PropertyValueSpecification\",\"valueRequired\":true,\"valueName\":\"search_term_string\"}}],\"inLanguage\":\"de\"}]}<\/script>\n<!-- \/ Yoast SEO plugin. -->","yoast_head_json":{"title":"Die Software f\u00fcr Medizinprodukte aller Risikoklassen","description":"Software f\u00fcr Medizinprodukte: smart. secure. simple. Ob Refactoring oder Neuentwicklung iinkl. Support und Qualit\u00e4tssicherung!","robots":{"index":"index","follow":"follow","max-snippet":"max-snippet:-1","max-image-preview":"max-image-preview:large","max-video-preview":"max-video-preview:-1"},"canonical":"https:\/\/www.invenio.net\/medical-healthcare\/de\/software-medizintechnik\/","og_locale":"de_DE","og_type":"article","og_title":"Die Software f\u00fcr Medizinprodukte aller Risikoklassen","og_description":"Software f\u00fcr Medizinprodukte: smart. secure. simple. Ob Refactoring oder Neuentwicklung iinkl. Support und Qualit\u00e4tssicherung!","og_url":"https:\/\/www.invenio.net\/medical-healthcare\/de\/software-medizintechnik\/","og_site_name":"invenio Medical &amp; Healthcare","article_modified_time":"2025-07-25T07:39:01+00:00","twitter_card":"summary_large_image","twitter_misc":{"Gesch\u00e4tzte Lesezeit":"3\u00a0Minuten"},"schema":{"@context":"https:\/\/schema.org","@graph":[{"@type":"WebPage","@id":"https:\/\/www.invenio.net\/medical-healthcare\/de\/software-medizintechnik\/","url":"https:\/\/www.invenio.net\/medical-healthcare\/de\/software-medizintechnik\/","name":"Die Software f\u00fcr Medizinprodukte aller Risikoklassen","isPartOf":{"@id":"https:\/\/www.invenio.net\/medical-healthcare\/de\/#website"},"datePublished":"2023-12-07T09:25:53+00:00","dateModified":"2025-07-25T07:39:01+00:00","description":"Software f\u00fcr Medizinprodukte: smart. secure. simple. Ob Refactoring oder Neuentwicklung iinkl. Support und Qualit\u00e4tssicherung!","breadcrumb":{"@id":"https:\/\/www.invenio.net\/medical-healthcare\/de\/software-medizintechnik\/#breadcrumb"},"inLanguage":"de","potentialAction":[{"@type":"ReadAction","target":["https:\/\/www.invenio.net\/medical-healthcare\/de\/software-medizintechnik\/"]}]},{"@type":"BreadcrumbList","@id":"https:\/\/www.invenio.net\/medical-healthcare\/de\/software-medizintechnik\/#breadcrumb","itemListElement":[{"@type":"ListItem","position":1,"name":"Startseite Medical &amp; Healthcare","item":"https:\/\/www.invenio.net\/medical-healthcare\/de\/"},{"@type":"ListItem","position":2,"name":"Software"}]},{"@type":"WebSite","@id":"https:\/\/www.invenio.net\/medical-healthcare\/de\/#website","url":"https:\/\/www.invenio.net\/medical-healthcare\/de\/","name":"invenio Medical &amp; Healthcare","description":"","potentialAction":[{"@type":"SearchAction","target":{"@type":"EntryPoint","urlTemplate":"https:\/\/www.invenio.net\/medical-healthcare\/de\/?s={search_term_string}"},"query-input":{"@type":"PropertyValueSpecification","valueRequired":true,"valueName":"search_term_string"}}],"inLanguage":"de"}]}},"_links":{"self":[{"href":"https:\/\/www.invenio.net\/medical-healthcare\/de\/wp-json\/wp\/v2\/pages\/35024","targetHints":{"allow":["GET"]}}],"collection":[{"href":"https:\/\/www.invenio.net\/medical-healthcare\/de\/wp-json\/wp\/v2\/pages"}],"about":[{"href":"https:\/\/www.invenio.net\/medical-healthcare\/de\/wp-json\/wp\/v2\/types\/page"}],"author":[{"embeddable":true,"href":"https:\/\/www.invenio.net\/medical-healthcare\/de\/wp-json\/wp\/v2\/users\/3"}],"replies":[{"embeddable":true,"href":"https:\/\/www.invenio.net\/medical-healthcare\/de\/wp-json\/wp\/v2\/comments?post=35024"}],"version-history":[{"count":5,"href":"https:\/\/www.invenio.net\/medical-healthcare\/de\/wp-json\/wp\/v2\/pages\/35024\/revisions"}],"predecessor-version":[{"id":36255,"href":"https:\/\/www.invenio.net\/medical-healthcare\/de\/wp-json\/wp\/v2\/pages\/35024\/revisions\/36255"}],"wp:attachment":[{"href":"https:\/\/www.invenio.net\/medical-healthcare\/de\/wp-json\/wp\/v2\/media?parent=35024"}],"curies":[{"name":"wp","href":"https:\/\/api.w.org\/{rel}","templated":true}]}}