{"id":33793,"date":"2023-11-22T11:42:11","date_gmt":"2023-11-22T10:42:11","guid":{"rendered":"https:\/\/www-staging.invenio.net\/virtual-technologies\/?page_id=33793"},"modified":"2025-08-27T08:49:57","modified_gmt":"2025-08-27T06:49:57","slug":"dmu-software","status":"publish","type":"page","link":"https:\/\/www.invenio.net\/virtual-technologies\/de\/dmu-software\/","title":{"rendered":"DMU-Software"},"content":{"rendered":"","protected":false},"excerpt":{"rendered":"","protected":false},"author":3,"featured_media":0,"parent":0,"menu_order":0,"comment_status":"closed","ping_status":"closed","template":"","meta":{"_acf_changed":false,"footnotes":""},"class_list":["post-33793","page","type-page","status-publish","hentry"],"acf":[],"yoast_head":"<!-- This site is optimized with the Yoast SEO plugin v27.0 - https:\/\/yoast.com\/product\/yoast-seo-wordpress\/ -->\n<title>Digital Mock-Up in der digitalen Produktentwicklung<\/title>\n<meta name=\"description\" content=\"VT-DMU ist das Herzst\u00fcck f\u00fcr Digital Mock-Up (DMU), individuelle Software-Produkte und individuelle Kundenl\u00f6sungen.\" \/>\n<meta name=\"robots\" content=\"index, follow, max-snippet:-1, max-image-preview:large, max-video-preview:-1\" \/>\n<link rel=\"canonical\" href=\"https:\/\/www.invenio.net\/virtual-technologies\/de\/dmu-software\/\" \/>\n<meta property=\"og:locale\" content=\"de_DE\" \/>\n<meta property=\"og:type\" content=\"article\" \/>\n<meta property=\"og:title\" content=\"Digital Mock-Up in der digitalen Produktentwicklung\" \/>\n<meta property=\"og:description\" content=\"VT-DMU ist das Herzst\u00fcck f\u00fcr Digital Mock-Up (DMU), individuelle Software-Produkte und individuelle Kundenl\u00f6sungen.\" \/>\n<meta property=\"og:url\" content=\"https:\/\/www.invenio.net\/virtual-technologies\/de\/dmu-software\/\" \/>\n<meta property=\"og:site_name\" content=\"invenio Virtual Technologies\" \/>\n<meta property=\"article:modified_time\" content=\"2025-08-27T06:49:57+00:00\" \/>\n<meta name=\"twitter:card\" content=\"summary_large_image\" \/>\n<meta name=\"twitter:label1\" content=\"Gesch\u00e4tzte Lesezeit\" \/>\n\t<meta name=\"twitter:data1\" content=\"17\u00a0Minuten\" \/>\n<script type=\"application\/ld+json\" class=\"yoast-schema-graph\">{\"@context\":\"https:\/\/schema.org\",\"@graph\":[{\"@type\":\"WebPage\",\"@id\":\"https:\/\/www.invenio.net\/virtual-technologies\/de\/dmu-software\/\",\"url\":\"https:\/\/www.invenio.net\/virtual-technologies\/de\/dmu-software\/\",\"name\":\"Digital Mock-Up in der digitalen Produktentwicklung\",\"isPartOf\":{\"@id\":\"https:\/\/www.invenio.net\/virtual-technologies\/de\/#website\"},\"datePublished\":\"2023-11-22T10:42:11+00:00\",\"dateModified\":\"2025-08-27T06:49:57+00:00\",\"description\":\"VT-DMU ist das Herzst\u00fcck f\u00fcr Digital Mock-Up (DMU), individuelle Software-Produkte und individuelle Kundenl\u00f6sungen.\",\"breadcrumb\":{\"@id\":\"https:\/\/www.invenio.net\/virtual-technologies\/de\/dmu-software\/#breadcrumb\"},\"inLanguage\":\"de\",\"potentialAction\":[{\"@type\":\"ReadAction\",\"target\":[\"https:\/\/www.invenio.net\/virtual-technologies\/de\/dmu-software\/\"]}]},{\"@type\":\"BreadcrumbList\",\"@id\":\"https:\/\/www.invenio.net\/virtual-technologies\/de\/dmu-software\/#breadcrumb\",\"itemListElement\":[{\"@type\":\"ListItem\",\"position\":1,\"name\":\"Startseite Virtual Technologies\",\"item\":\"https:\/\/www.invenio.net\/virtual-technologies\/de\/\"},{\"@type\":\"ListItem\",\"position\":2,\"name\":\"DMU-Software\"}]},{\"@type\":\"WebSite\",\"@id\":\"https:\/\/www.invenio.net\/virtual-technologies\/de\/#website\",\"url\":\"https:\/\/www.invenio.net\/virtual-technologies\/de\/\",\"name\":\"invenio Virtual Technologies\",\"description\":\"\",\"potentialAction\":[{\"@type\":\"SearchAction\",\"target\":{\"@type\":\"EntryPoint\",\"urlTemplate\":\"https:\/\/www.invenio.net\/virtual-technologies\/de\/?s={search_term_string}\"},\"query-input\":{\"@type\":\"PropertyValueSpecification\",\"valueRequired\":true,\"valueName\":\"search_term_string\"}}],\"inLanguage\":\"de\"}]}<\/script>\n<!-- \/ Yoast SEO plugin. -->","yoast_head_json":{"title":"Digital Mock-Up in der digitalen Produktentwicklung","description":"VT-DMU ist das Herzst\u00fcck f\u00fcr Digital Mock-Up (DMU), individuelle Software-Produkte und individuelle Kundenl\u00f6sungen.","robots":{"index":"index","follow":"follow","max-snippet":"max-snippet:-1","max-image-preview":"max-image-preview:large","max-video-preview":"max-video-preview:-1"},"canonical":"https:\/\/www.invenio.net\/virtual-technologies\/de\/dmu-software\/","og_locale":"de_DE","og_type":"article","og_title":"Digital Mock-Up in der digitalen Produktentwicklung","og_description":"VT-DMU ist das Herzst\u00fcck f\u00fcr Digital Mock-Up (DMU), individuelle Software-Produkte und individuelle Kundenl\u00f6sungen.","og_url":"https:\/\/www.invenio.net\/virtual-technologies\/de\/dmu-software\/","og_site_name":"invenio Virtual Technologies","article_modified_time":"2025-08-27T06:49:57+00:00","twitter_card":"summary_large_image","twitter_misc":{"Gesch\u00e4tzte Lesezeit":"17\u00a0Minuten"},"schema":{"@context":"https:\/\/schema.org","@graph":[{"@type":"WebPage","@id":"https:\/\/www.invenio.net\/virtual-technologies\/de\/dmu-software\/","url":"https:\/\/www.invenio.net\/virtual-technologies\/de\/dmu-software\/","name":"Digital Mock-Up in der digitalen Produktentwicklung","isPartOf":{"@id":"https:\/\/www.invenio.net\/virtual-technologies\/de\/#website"},"datePublished":"2023-11-22T10:42:11+00:00","dateModified":"2025-08-27T06:49:57+00:00","description":"VT-DMU ist das Herzst\u00fcck f\u00fcr Digital Mock-Up (DMU), individuelle Software-Produkte und individuelle Kundenl\u00f6sungen.","breadcrumb":{"@id":"https:\/\/www.invenio.net\/virtual-technologies\/de\/dmu-software\/#breadcrumb"},"inLanguage":"de","potentialAction":[{"@type":"ReadAction","target":["https:\/\/www.invenio.net\/virtual-technologies\/de\/dmu-software\/"]}]},{"@type":"BreadcrumbList","@id":"https:\/\/www.invenio.net\/virtual-technologies\/de\/dmu-software\/#breadcrumb","itemListElement":[{"@type":"ListItem","position":1,"name":"Startseite Virtual Technologies","item":"https:\/\/www.invenio.net\/virtual-technologies\/de\/"},{"@type":"ListItem","position":2,"name":"DMU-Software"}]},{"@type":"WebSite","@id":"https:\/\/www.invenio.net\/virtual-technologies\/de\/#website","url":"https:\/\/www.invenio.net\/virtual-technologies\/de\/","name":"invenio Virtual Technologies","description":"","potentialAction":[{"@type":"SearchAction","target":{"@type":"EntryPoint","urlTemplate":"https:\/\/www.invenio.net\/virtual-technologies\/de\/?s={search_term_string}"},"query-input":{"@type":"PropertyValueSpecification","valueRequired":true,"valueName":"search_term_string"}}],"inLanguage":"de"}]}},"_links":{"self":[{"href":"https:\/\/www.invenio.net\/virtual-technologies\/de\/wp-json\/wp\/v2\/pages\/33793","targetHints":{"allow":["GET"]}}],"collection":[{"href":"https:\/\/www.invenio.net\/virtual-technologies\/de\/wp-json\/wp\/v2\/pages"}],"about":[{"href":"https:\/\/www.invenio.net\/virtual-technologies\/de\/wp-json\/wp\/v2\/types\/page"}],"author":[{"embeddable":true,"href":"https:\/\/www.invenio.net\/virtual-technologies\/de\/wp-json\/wp\/v2\/users\/3"}],"replies":[{"embeddable":true,"href":"https:\/\/www.invenio.net\/virtual-technologies\/de\/wp-json\/wp\/v2\/comments?post=33793"}],"version-history":[{"count":5,"href":"https:\/\/www.invenio.net\/virtual-technologies\/de\/wp-json\/wp\/v2\/pages\/33793\/revisions"}],"predecessor-version":[{"id":40612,"href":"https:\/\/www.invenio.net\/virtual-technologies\/de\/wp-json\/wp\/v2\/pages\/33793\/revisions\/40612"}],"wp:attachment":[{"href":"https:\/\/www.invenio.net\/virtual-technologies\/de\/wp-json\/wp\/v2\/media?parent=33793"}],"curies":[{"name":"wp","href":"https:\/\/api.w.org\/{rel}","templated":true}]}}