{"id":38340,"date":"2024-05-29T07:02:10","date_gmt":"2024-05-29T05:02:10","guid":{"rendered":"https:\/\/www.invenio.net\/virtual-technologies\/?page_id=38340"},"modified":"2025-07-31T09:41:58","modified_gmt":"2025-07-31T07:41:58","slug":"datenreduzierung","status":"publish","type":"page","link":"https:\/\/www.invenio.net\/virtual-technologies\/de\/datenreduzierung\/","title":{"rendered":"Datenreduzierung"},"content":{"rendered":"","protected":false},"excerpt":{"rendered":"","protected":false},"author":6,"featured_media":0,"parent":0,"menu_order":0,"comment_status":"closed","ping_status":"closed","template":"","meta":{"_acf_changed":false,"footnotes":""},"class_list":["post-38340","page","type-page","status-publish","hentry"],"acf":[],"yoast_head":"<!-- This site is optimized with the Yoast SEO plugin v27.0 - https:\/\/yoast.com\/product\/yoast-seo-wordpress\/ -->\n<title>3D-Datenreduzierung: Effizient komprimieren ohne Qualit\u00e4tsverlust<\/title>\n<meta name=\"description\" content=\"Nutzen Sie 3D-Datenreduzierung f\u00fcr maximale Kompression bei h\u00f6chster Oberfl\u00e4chenqualit\u00e4t \u2013 ideal f\u00fcr neue Anwendungen. Jetzt entdecken!\" \/>\n<meta name=\"robots\" content=\"index, follow, max-snippet:-1, max-image-preview:large, max-video-preview:-1\" \/>\n<link rel=\"canonical\" href=\"https:\/\/www.invenio.net\/virtual-technologies\/de\/datenreduzierung\/\" \/>\n<meta property=\"og:locale\" content=\"de_DE\" \/>\n<meta property=\"og:type\" content=\"article\" \/>\n<meta property=\"og:title\" content=\"3D-Datenreduzierung: Effizient komprimieren ohne Qualit\u00e4tsverlust\" \/>\n<meta property=\"og:description\" content=\"Nutzen Sie 3D-Datenreduzierung f\u00fcr maximale Kompression bei h\u00f6chster Oberfl\u00e4chenqualit\u00e4t \u2013 ideal f\u00fcr neue Anwendungen. Jetzt entdecken!\" \/>\n<meta property=\"og:url\" content=\"https:\/\/www.invenio.net\/virtual-technologies\/de\/datenreduzierung\/\" \/>\n<meta property=\"og:site_name\" content=\"invenio Virtual Technologies\" \/>\n<meta property=\"article:modified_time\" content=\"2025-07-31T07:41:58+00:00\" \/>\n<meta name=\"twitter:card\" content=\"summary_large_image\" \/>\n<meta name=\"twitter:label1\" content=\"Gesch\u00e4tzte Lesezeit\" \/>\n\t<meta name=\"twitter:data1\" content=\"6\u00a0Minuten\" \/>\n<script type=\"application\/ld+json\" class=\"yoast-schema-graph\">{\"@context\":\"https:\/\/schema.org\",\"@graph\":[{\"@type\":\"WebPage\",\"@id\":\"https:\/\/www.invenio.net\/virtual-technologies\/de\/datenreduzierung\/\",\"url\":\"https:\/\/www.invenio.net\/virtual-technologies\/de\/datenreduzierung\/\",\"name\":\"3D-Datenreduzierung: Effizient komprimieren ohne Qualit\u00e4tsverlust\",\"isPartOf\":{\"@id\":\"https:\/\/www.invenio.net\/virtual-technologies\/de\/#website\"},\"datePublished\":\"2024-05-29T05:02:10+00:00\",\"dateModified\":\"2025-07-31T07:41:58+00:00\",\"description\":\"Nutzen Sie 3D-Datenreduzierung f\u00fcr maximale Kompression bei h\u00f6chster Oberfl\u00e4chenqualit\u00e4t \u2013 ideal f\u00fcr neue Anwendungen. Jetzt entdecken!\",\"breadcrumb\":{\"@id\":\"https:\/\/www.invenio.net\/virtual-technologies\/de\/datenreduzierung\/#breadcrumb\"},\"inLanguage\":\"de\",\"potentialAction\":[{\"@type\":\"ReadAction\",\"target\":[\"https:\/\/www.invenio.net\/virtual-technologies\/de\/datenreduzierung\/\"]}]},{\"@type\":\"BreadcrumbList\",\"@id\":\"https:\/\/www.invenio.net\/virtual-technologies\/de\/datenreduzierung\/#breadcrumb\",\"itemListElement\":[{\"@type\":\"ListItem\",\"position\":1,\"name\":\"Startseite Virtual Technologies\",\"item\":\"https:\/\/www.invenio.net\/virtual-technologies\/de\/\"},{\"@type\":\"ListItem\",\"position\":2,\"name\":\"Datenreduzierung\"}]},{\"@type\":\"WebSite\",\"@id\":\"https:\/\/www.invenio.net\/virtual-technologies\/de\/#website\",\"url\":\"https:\/\/www.invenio.net\/virtual-technologies\/de\/\",\"name\":\"invenio Virtual Technologies\",\"description\":\"\",\"potentialAction\":[{\"@type\":\"SearchAction\",\"target\":{\"@type\":\"EntryPoint\",\"urlTemplate\":\"https:\/\/www.invenio.net\/virtual-technologies\/de\/?s={search_term_string}\"},\"query-input\":{\"@type\":\"PropertyValueSpecification\",\"valueRequired\":true,\"valueName\":\"search_term_string\"}}],\"inLanguage\":\"de\"}]}<\/script>\n<!-- \/ Yoast SEO plugin. -->","yoast_head_json":{"title":"3D-Datenreduzierung: Effizient komprimieren ohne Qualit\u00e4tsverlust","description":"Nutzen Sie 3D-Datenreduzierung f\u00fcr maximale Kompression bei h\u00f6chster Oberfl\u00e4chenqualit\u00e4t \u2013 ideal f\u00fcr neue Anwendungen. Jetzt entdecken!","robots":{"index":"index","follow":"follow","max-snippet":"max-snippet:-1","max-image-preview":"max-image-preview:large","max-video-preview":"max-video-preview:-1"},"canonical":"https:\/\/www.invenio.net\/virtual-technologies\/de\/datenreduzierung\/","og_locale":"de_DE","og_type":"article","og_title":"3D-Datenreduzierung: Effizient komprimieren ohne Qualit\u00e4tsverlust","og_description":"Nutzen Sie 3D-Datenreduzierung f\u00fcr maximale Kompression bei h\u00f6chster Oberfl\u00e4chenqualit\u00e4t \u2013 ideal f\u00fcr neue Anwendungen. Jetzt entdecken!","og_url":"https:\/\/www.invenio.net\/virtual-technologies\/de\/datenreduzierung\/","og_site_name":"invenio Virtual Technologies","article_modified_time":"2025-07-31T07:41:58+00:00","twitter_card":"summary_large_image","twitter_misc":{"Gesch\u00e4tzte Lesezeit":"6\u00a0Minuten"},"schema":{"@context":"https:\/\/schema.org","@graph":[{"@type":"WebPage","@id":"https:\/\/www.invenio.net\/virtual-technologies\/de\/datenreduzierung\/","url":"https:\/\/www.invenio.net\/virtual-technologies\/de\/datenreduzierung\/","name":"3D-Datenreduzierung: Effizient komprimieren ohne Qualit\u00e4tsverlust","isPartOf":{"@id":"https:\/\/www.invenio.net\/virtual-technologies\/de\/#website"},"datePublished":"2024-05-29T05:02:10+00:00","dateModified":"2025-07-31T07:41:58+00:00","description":"Nutzen Sie 3D-Datenreduzierung f\u00fcr maximale Kompression bei h\u00f6chster Oberfl\u00e4chenqualit\u00e4t \u2013 ideal f\u00fcr neue Anwendungen. Jetzt entdecken!","breadcrumb":{"@id":"https:\/\/www.invenio.net\/virtual-technologies\/de\/datenreduzierung\/#breadcrumb"},"inLanguage":"de","potentialAction":[{"@type":"ReadAction","target":["https:\/\/www.invenio.net\/virtual-technologies\/de\/datenreduzierung\/"]}]},{"@type":"BreadcrumbList","@id":"https:\/\/www.invenio.net\/virtual-technologies\/de\/datenreduzierung\/#breadcrumb","itemListElement":[{"@type":"ListItem","position":1,"name":"Startseite Virtual Technologies","item":"https:\/\/www.invenio.net\/virtual-technologies\/de\/"},{"@type":"ListItem","position":2,"name":"Datenreduzierung"}]},{"@type":"WebSite","@id":"https:\/\/www.invenio.net\/virtual-technologies\/de\/#website","url":"https:\/\/www.invenio.net\/virtual-technologies\/de\/","name":"invenio Virtual Technologies","description":"","potentialAction":[{"@type":"SearchAction","target":{"@type":"EntryPoint","urlTemplate":"https:\/\/www.invenio.net\/virtual-technologies\/de\/?s={search_term_string}"},"query-input":{"@type":"PropertyValueSpecification","valueRequired":true,"valueName":"search_term_string"}}],"inLanguage":"de"}]}},"_links":{"self":[{"href":"https:\/\/www.invenio.net\/virtual-technologies\/de\/wp-json\/wp\/v2\/pages\/38340","targetHints":{"allow":["GET"]}}],"collection":[{"href":"https:\/\/www.invenio.net\/virtual-technologies\/de\/wp-json\/wp\/v2\/pages"}],"about":[{"href":"https:\/\/www.invenio.net\/virtual-technologies\/de\/wp-json\/wp\/v2\/types\/page"}],"author":[{"embeddable":true,"href":"https:\/\/www.invenio.net\/virtual-technologies\/de\/wp-json\/wp\/v2\/users\/6"}],"replies":[{"embeddable":true,"href":"https:\/\/www.invenio.net\/virtual-technologies\/de\/wp-json\/wp\/v2\/comments?post=38340"}],"version-history":[{"count":5,"href":"https:\/\/www.invenio.net\/virtual-technologies\/de\/wp-json\/wp\/v2\/pages\/38340\/revisions"}],"predecessor-version":[{"id":40229,"href":"https:\/\/www.invenio.net\/virtual-technologies\/de\/wp-json\/wp\/v2\/pages\/38340\/revisions\/40229"}],"wp:attachment":[{"href":"https:\/\/www.invenio.net\/virtual-technologies\/de\/wp-json\/wp\/v2\/media?parent=38340"}],"curies":[{"name":"wp","href":"https:\/\/api.w.org\/{rel}","templated":true}]}}