{"id":38378,"date":"2024-08-28T16:24:04","date_gmt":"2024-08-28T14:24:04","guid":{"rendered":"https:\/\/www.invenio.net\/virtual-technologies\/?page_id=38378"},"modified":"2026-03-10T08:45:00","modified_gmt":"2026-03-10T07:45:00","slug":"dmu-module","status":"publish","type":"page","link":"https:\/\/www.invenio.net\/virtual-technologies\/de\/dmu-module\/","title":{"rendered":"Modularit\u00e4t"},"content":{"rendered":"","protected":false},"excerpt":{"rendered":"","protected":false},"author":11,"featured_media":0,"parent":0,"menu_order":0,"comment_status":"closed","ping_status":"closed","template":"","meta":{"_acf_changed":false,"footnotes":""},"class_list":["post-38378","page","type-page","status-publish","hentry"],"acf":[],"yoast_head":"<!-- This site is optimized with the Yoast SEO plugin v27.0 - https:\/\/yoast.com\/product\/yoast-seo-wordpress\/ -->\n<title>3D-Daten reduzieren mit VT-DMU<\/title>\n<meta name=\"description\" content=\"Testen Sie die marktf\u00fchrende L\u00f6sung f\u00fcr die digitale Produktentwicklung auf Basis von 3D-Daten. Jetzt VT-DMU kennenlernen.\" \/>\n<meta name=\"robots\" content=\"index, follow, max-snippet:-1, max-image-preview:large, max-video-preview:-1\" \/>\n<link rel=\"canonical\" href=\"https:\/\/www.invenio.net\/virtual-technologies\/de\/dmu-module\/\" \/>\n<meta property=\"og:locale\" content=\"de_DE\" \/>\n<meta property=\"og:type\" content=\"article\" \/>\n<meta property=\"og:title\" content=\"3D-Daten reduzieren mit VT-DMU\" \/>\n<meta property=\"og:description\" content=\"Testen Sie die marktf\u00fchrende L\u00f6sung f\u00fcr die digitale Produktentwicklung auf Basis von 3D-Daten. Jetzt VT-DMU kennenlernen.\" \/>\n<meta property=\"og:url\" content=\"https:\/\/www.invenio.net\/virtual-technologies\/de\/dmu-module\/\" \/>\n<meta property=\"og:site_name\" content=\"invenio Virtual Technologies\" \/>\n<meta property=\"article:modified_time\" content=\"2026-03-10T07:45:00+00:00\" \/>\n<meta name=\"twitter:card\" content=\"summary_large_image\" \/>\n<meta name=\"twitter:label1\" content=\"Gesch\u00e4tzte Lesezeit\" \/>\n\t<meta name=\"twitter:data1\" content=\"20\u00a0Minuten\" \/>\n<script type=\"application\/ld+json\" class=\"yoast-schema-graph\">{\"@context\":\"https:\/\/schema.org\",\"@graph\":[{\"@type\":\"WebPage\",\"@id\":\"https:\/\/www.invenio.net\/virtual-technologies\/de\/dmu-module\/\",\"url\":\"https:\/\/www.invenio.net\/virtual-technologies\/de\/dmu-module\/\",\"name\":\"3D-Daten reduzieren mit VT-DMU\",\"isPartOf\":{\"@id\":\"https:\/\/www.invenio.net\/virtual-technologies\/de\/#website\"},\"datePublished\":\"2024-08-28T14:24:04+00:00\",\"dateModified\":\"2026-03-10T07:45:00+00:00\",\"description\":\"Testen Sie die marktf\u00fchrende L\u00f6sung f\u00fcr die digitale Produktentwicklung auf Basis von 3D-Daten. Jetzt VT-DMU kennenlernen.\",\"breadcrumb\":{\"@id\":\"https:\/\/www.invenio.net\/virtual-technologies\/de\/dmu-module\/#breadcrumb\"},\"inLanguage\":\"de\",\"potentialAction\":[{\"@type\":\"ReadAction\",\"target\":[\"https:\/\/www.invenio.net\/virtual-technologies\/de\/dmu-module\/\"]}]},{\"@type\":\"BreadcrumbList\",\"@id\":\"https:\/\/www.invenio.net\/virtual-technologies\/de\/dmu-module\/#breadcrumb\",\"itemListElement\":[{\"@type\":\"ListItem\",\"position\":1,\"name\":\"Startseite Virtual Technologies\",\"item\":\"https:\/\/www.invenio.net\/virtual-technologies\/de\/\"},{\"@type\":\"ListItem\",\"position\":2,\"name\":\"Modularit\u00e4t\"}]},{\"@type\":\"WebSite\",\"@id\":\"https:\/\/www.invenio.net\/virtual-technologies\/de\/#website\",\"url\":\"https:\/\/www.invenio.net\/virtual-technologies\/de\/\",\"name\":\"invenio Virtual Technologies\",\"description\":\"\",\"potentialAction\":[{\"@type\":\"SearchAction\",\"target\":{\"@type\":\"EntryPoint\",\"urlTemplate\":\"https:\/\/www.invenio.net\/virtual-technologies\/de\/?s={search_term_string}\"},\"query-input\":{\"@type\":\"PropertyValueSpecification\",\"valueRequired\":true,\"valueName\":\"search_term_string\"}}],\"inLanguage\":\"de\"}]}<\/script>\n<!-- \/ Yoast SEO plugin. -->","yoast_head_json":{"title":"3D-Daten reduzieren mit VT-DMU","description":"Testen Sie die marktf\u00fchrende L\u00f6sung f\u00fcr die digitale Produktentwicklung auf Basis von 3D-Daten. Jetzt VT-DMU kennenlernen.","robots":{"index":"index","follow":"follow","max-snippet":"max-snippet:-1","max-image-preview":"max-image-preview:large","max-video-preview":"max-video-preview:-1"},"canonical":"https:\/\/www.invenio.net\/virtual-technologies\/de\/dmu-module\/","og_locale":"de_DE","og_type":"article","og_title":"3D-Daten reduzieren mit VT-DMU","og_description":"Testen Sie die marktf\u00fchrende L\u00f6sung f\u00fcr die digitale Produktentwicklung auf Basis von 3D-Daten. Jetzt VT-DMU kennenlernen.","og_url":"https:\/\/www.invenio.net\/virtual-technologies\/de\/dmu-module\/","og_site_name":"invenio Virtual Technologies","article_modified_time":"2026-03-10T07:45:00+00:00","twitter_card":"summary_large_image","twitter_misc":{"Gesch\u00e4tzte Lesezeit":"20\u00a0Minuten"},"schema":{"@context":"https:\/\/schema.org","@graph":[{"@type":"WebPage","@id":"https:\/\/www.invenio.net\/virtual-technologies\/de\/dmu-module\/","url":"https:\/\/www.invenio.net\/virtual-technologies\/de\/dmu-module\/","name":"3D-Daten reduzieren mit VT-DMU","isPartOf":{"@id":"https:\/\/www.invenio.net\/virtual-technologies\/de\/#website"},"datePublished":"2024-08-28T14:24:04+00:00","dateModified":"2026-03-10T07:45:00+00:00","description":"Testen Sie die marktf\u00fchrende L\u00f6sung f\u00fcr die digitale Produktentwicklung auf Basis von 3D-Daten. Jetzt VT-DMU kennenlernen.","breadcrumb":{"@id":"https:\/\/www.invenio.net\/virtual-technologies\/de\/dmu-module\/#breadcrumb"},"inLanguage":"de","potentialAction":[{"@type":"ReadAction","target":["https:\/\/www.invenio.net\/virtual-technologies\/de\/dmu-module\/"]}]},{"@type":"BreadcrumbList","@id":"https:\/\/www.invenio.net\/virtual-technologies\/de\/dmu-module\/#breadcrumb","itemListElement":[{"@type":"ListItem","position":1,"name":"Startseite Virtual Technologies","item":"https:\/\/www.invenio.net\/virtual-technologies\/de\/"},{"@type":"ListItem","position":2,"name":"Modularit\u00e4t"}]},{"@type":"WebSite","@id":"https:\/\/www.invenio.net\/virtual-technologies\/de\/#website","url":"https:\/\/www.invenio.net\/virtual-technologies\/de\/","name":"invenio Virtual Technologies","description":"","potentialAction":[{"@type":"SearchAction","target":{"@type":"EntryPoint","urlTemplate":"https:\/\/www.invenio.net\/virtual-technologies\/de\/?s={search_term_string}"},"query-input":{"@type":"PropertyValueSpecification","valueRequired":true,"valueName":"search_term_string"}}],"inLanguage":"de"}]}},"_links":{"self":[{"href":"https:\/\/www.invenio.net\/virtual-technologies\/de\/wp-json\/wp\/v2\/pages\/38378","targetHints":{"allow":["GET"]}}],"collection":[{"href":"https:\/\/www.invenio.net\/virtual-technologies\/de\/wp-json\/wp\/v2\/pages"}],"about":[{"href":"https:\/\/www.invenio.net\/virtual-technologies\/de\/wp-json\/wp\/v2\/types\/page"}],"author":[{"embeddable":true,"href":"https:\/\/www.invenio.net\/virtual-technologies\/de\/wp-json\/wp\/v2\/users\/11"}],"replies":[{"embeddable":true,"href":"https:\/\/www.invenio.net\/virtual-technologies\/de\/wp-json\/wp\/v2\/comments?post=38378"}],"version-history":[{"count":5,"href":"https:\/\/www.invenio.net\/virtual-technologies\/de\/wp-json\/wp\/v2\/pages\/38378\/revisions"}],"predecessor-version":[{"id":41348,"href":"https:\/\/www.invenio.net\/virtual-technologies\/de\/wp-json\/wp\/v2\/pages\/38378\/revisions\/41348"}],"wp:attachment":[{"href":"https:\/\/www.invenio.net\/virtual-technologies\/de\/wp-json\/wp\/v2\/media?parent=38378"}],"curies":[{"name":"wp","href":"https:\/\/api.w.org\/{rel}","templated":true}]}}